{"id":260,"date":"2018-09-17T21:59:57","date_gmt":"2018-09-17T19:59:57","guid":{"rendered":"http:\/\/www.summerlou.li\/?page_id=260"},"modified":"2022-09-28T09:49:24","modified_gmt":"2022-09-28T07:49:24","slug":"kontakt","status":"publish","type":"page","link":"http:\/\/www.summerlou.li\/?page_id=260","title":{"rendered":"So k\u00f6nnt ihr mir helfen"},"content":{"rendered":"<p style=\"text-align: left;\"><a href=\"http:\/\/www.summerlou.li\/wp-content\/uploads\/2016\/05\/Army-of-us.jpg\"><img loading=\"lazy\" decoding=\"async\" class=\"wp-image-95 alignleft\" src=\"http:\/\/www.summerlou.li\/wp-content\/uploads\/2016\/05\/Army-of-us-300x300.jpg\" alt=\"\" width=\"181\" height=\"181\" srcset=\"http:\/\/www.summerlou.li\/wp-content\/uploads\/2016\/05\/Army-of-us-300x300.jpg 300w, http:\/\/www.summerlou.li\/wp-content\/uploads\/2016\/05\/Army-of-us-150x150.jpg 150w, http:\/\/www.summerlou.li\/wp-content\/uploads\/2016\/05\/Army-of-us-768x768.jpg 768w, http:\/\/www.summerlou.li\/wp-content\/uploads\/2016\/05\/Army-of-us.jpg 808w\" sizes=\"auto, (max-width: 181px) 100vw, 181px\" \/><\/a><span style=\"color: #800080;\">Summer Lou Zobel<\/span><br \/>\n<span style=\"color: #800080;\">Egerta 29<\/span><br \/>\n<span style=\"color: #800080;\">9496 Balzers<\/span><br \/>\n<span style=\"color: #800080;\">Liechtenstein<\/span><\/p>\n<p style=\"text-align: left;\"><span style=\"color: #800080;\">Tel. +423 384 14 44<br \/>\n<\/span><span style=\"color: #800080;\">E-Mail: summerlou@fl1.li<\/span><\/p>\n<h5><\/h5>\n<h5><\/h5>\n<h5><span style=\"color: #800080;\">Summer Lou Zobel<\/span><br \/>\n<span style=\"color: #800080;\">Referenz: ToGetHer stronger<\/span><br \/>\n<span style=\"color: #800080;\">IBAN: LI42 0880 5504 1012 0000 1<\/span><br \/>\n<span style=\"color: #800080;\">VP Bank AG, 9490 Vaduz<\/span><\/h5>\n<p><span style=\"color: #800080;\">Wir sind f\u00fcr jede Unterst\u00fctzung sehr dankbar!<\/span><\/p>\n<p><span style=\"color: #800080;\">Dankesch\u00f6\u00f6\u00f6n<\/span><\/p>\n","protected":false},"excerpt":{"rendered":"<p>Summer Lou Zobel Egerta 29 9496 Balzers Liechtenstein Tel. +423 384 14 44 E-Mail: summerlou@fl1.li Summer Lou Zobel Referenz: ToGetHer stronger IBAN: LI42 0880 5504 1012 0000 1 VP Bank AG, 9490 Vaduz Wir sind f\u00fcr jede Unterst\u00fctzung sehr dankbar! Dankesch\u00f6\u00f6\u00f6n<\/p>\n","protected":false},"author":1,"featured_media":0,"parent":0,"menu_order":30,"comment_status":"closed","ping_status":"closed","template":"","meta":{"footnotes":""},"class_list":["post-260","page","type-page","status-publish","hentry"],"_links":{"self":[{"href":"http:\/\/www.summerlou.li\/index.php?rest_route=\/wp\/v2\/pages\/260","targetHints":{"allow":["GET"]}}],"collection":[{"href":"http:\/\/www.summerlou.li\/index.php?rest_route=\/wp\/v2\/pages"}],"about":[{"href":"http:\/\/www.summerlou.li\/index.php?rest_route=\/wp\/v2\/types\/page"}],"author":[{"embeddable":true,"href":"http:\/\/www.summerlou.li\/index.php?rest_route=\/wp\/v2\/users\/1"}],"replies":[{"embeddable":true,"href":"http:\/\/www.summerlou.li\/index.php?rest_route=%2Fwp%2Fv2%2Fcomments&post=260"}],"version-history":[{"count":31,"href":"http:\/\/www.summerlou.li\/index.php?rest_route=\/wp\/v2\/pages\/260\/revisions"}],"predecessor-version":[{"id":1164,"href":"http:\/\/www.summerlou.li\/index.php?rest_route=\/wp\/v2\/pages\/260\/revisions\/1164"}],"wp:attachment":[{"href":"http:\/\/www.summerlou.li\/index.php?rest_route=%2Fwp%2Fv2%2Fmedia&parent=260"}],"curies":[{"name":"wp","href":"https:\/\/api.w.org\/{rel}","templated":true}]}}