{"id":562,"date":"2018-09-23T23:19:34","date_gmt":"2018-09-23T21:19:34","guid":{"rendered":"http:\/\/www.summerlou.li\/?page_id=562"},"modified":"2022-09-19T13:44:16","modified_gmt":"2022-09-19T11:44:16","slug":"galerie","status":"publish","type":"page","link":"http:\/\/www.summerlou.li\/?page_id=562","title":{"rendered":"Specials"},"content":{"rendered":"<p>&nbsp;<\/p>\n<p><a href=\"http:\/\/www.summerlou.li\/wp-content\/uploads\/2018\/11\/IMG_3574.jpg\"><img loading=\"lazy\" decoding=\"async\" class=\"alignnone wp-image-818\" src=\"http:\/\/www.summerlou.li\/wp-content\/uploads\/2018\/11\/IMG_3574-225x300.jpg\" alt=\"\" width=\"594\" height=\"792\" srcset=\"http:\/\/www.summerlou.li\/wp-content\/uploads\/2018\/11\/IMG_3574-225x300.jpg 225w, http:\/\/www.summerlou.li\/wp-content\/uploads\/2018\/11\/IMG_3574-768x1024.jpg 768w, http:\/\/www.summerlou.li\/wp-content\/uploads\/2018\/11\/IMG_3574.jpg 810w\" sizes=\"auto, (max-width: 594px) 100vw, 594px\" \/><\/a><\/p>\n<p><a href=\"http:\/\/www.summerlou.li\/wp-content\/uploads\/2018\/11\/IMG_3566-1.jpg\"><img loading=\"lazy\" decoding=\"async\" class=\"alignnone wp-image-816\" src=\"http:\/\/www.summerlou.li\/wp-content\/uploads\/2018\/11\/IMG_3566-1-225x300.jpg\" alt=\"\" width=\"611\" height=\"815\" srcset=\"http:\/\/www.summerlou.li\/wp-content\/uploads\/2018\/11\/IMG_3566-1-225x300.jpg 225w, http:\/\/www.summerlou.li\/wp-content\/uploads\/2018\/11\/IMG_3566-1-768x1024.jpg 768w, http:\/\/www.summerlou.li\/wp-content\/uploads\/2018\/11\/IMG_3566-1.jpg 810w\" sizes=\"auto, (max-width: 611px) 100vw, 611px\" \/><\/a><\/p>\n<p><span style=\"color: #800080;\">SRF bi de L\u00fct &#8211; Nik Hartmann &amp; ich<\/span><\/p>\n<p>&nbsp;<\/p>\n<p><a href=\"http:\/\/www.summerlou.li\/wp-content\/uploads\/2018\/11\/IMG_3679.jpg\"><img loading=\"lazy\" decoding=\"async\" class=\"alignnone wp-image-829\" src=\"http:\/\/www.summerlou.li\/wp-content\/uploads\/2018\/11\/IMG_3679-300x225.jpg\" alt=\"\" width=\"539\" height=\"404\" srcset=\"http:\/\/www.summerlou.li\/wp-content\/uploads\/2018\/11\/IMG_3679-300x225.jpg 300w, http:\/\/www.summerlou.li\/wp-content\/uploads\/2018\/11\/IMG_3679-768x576.jpg 768w, http:\/\/www.summerlou.li\/wp-content\/uploads\/2018\/11\/IMG_3679-1024x767.jpg 1024w, http:\/\/www.summerlou.li\/wp-content\/uploads\/2018\/11\/IMG_3679.jpg 1441w\" sizes=\"auto, (max-width: 539px) 100vw, 539px\" \/><\/a><\/p>\n<p><span style=\"color: #800080;\">Special Olympics Wassertag 2018\u00a0<\/span><\/p>\n<p><a href=\"http:\/\/www.summerlou.li\/wp-content\/uploads\/2018\/11\/IMG_3681.jpg\"><img loading=\"lazy\" decoding=\"async\" class=\"alignnone wp-image-831\" src=\"http:\/\/www.summerlou.li\/wp-content\/uploads\/2018\/11\/IMG_3681-300x225.jpg\" alt=\"\" width=\"475\" height=\"356\" srcset=\"http:\/\/www.summerlou.li\/wp-content\/uploads\/2018\/11\/IMG_3681-300x225.jpg 300w, http:\/\/www.summerlou.li\/wp-content\/uploads\/2018\/11\/IMG_3681-768x576.jpg 768w, http:\/\/www.summerlou.li\/wp-content\/uploads\/2018\/11\/IMG_3681-1024x767.jpg 1024w, http:\/\/www.summerlou.li\/wp-content\/uploads\/2018\/11\/IMG_3681.jpg 1441w\" sizes=\"auto, (max-width: 475px) 100vw, 475px\" \/><\/a><\/p>\n<p><span style=\"color: #800080;\">B\u00fcxi &amp; ich<\/span><\/p>\n<p><a href=\"http:\/\/www.summerlou.li\/wp-content\/uploads\/2019\/06\/Vaterland_20181121_005-2.jpg\"><img loading=\"lazy\" decoding=\"async\" class=\"alignnone wp-image-873\" src=\"http:\/\/www.summerlou.li\/wp-content\/uploads\/2019\/06\/Vaterland_20181121_005-2-201x300.jpg\" alt=\"\" width=\"484\" height=\"722\" srcset=\"http:\/\/www.summerlou.li\/wp-content\/uploads\/2019\/06\/Vaterland_20181121_005-2-201x300.jpg 201w, http:\/\/www.summerlou.li\/wp-content\/uploads\/2019\/06\/Vaterland_20181121_005-2-768x1147.jpg 768w, http:\/\/www.summerlou.li\/wp-content\/uploads\/2019\/06\/Vaterland_20181121_005-2-686x1024.jpg 686w, http:\/\/www.summerlou.li\/wp-content\/uploads\/2019\/06\/Vaterland_20181121_005-2.jpg 1969w\" sizes=\"auto, (max-width: 484px) 100vw, 484px\" \/><\/a><\/p>\n<p><span style=\"color: #800080;\">Zeitungsartikel \u00fcber meine Geschichte<\/span><\/p>\n<p><a href=\"https:\/\/www.vaterland.li\/liechtenstein\/vermischtes\/das-maedchen-das-mit-seinen-augen-spricht;art171,358813\">www.vaterland.li<\/a><\/p>\n<p><a href=\"http:\/\/www.summerlou.li\/wp-content\/uploads\/2019\/06\/Vaterland_20181222_005-2.jpg\"><img loading=\"lazy\" decoding=\"async\" class=\"alignnone wp-image-874\" src=\"http:\/\/www.summerlou.li\/wp-content\/uploads\/2019\/06\/Vaterland_20181222_005-2-201x300.jpg\" alt=\"\" width=\"475\" height=\"708\" srcset=\"http:\/\/www.summerlou.li\/wp-content\/uploads\/2019\/06\/Vaterland_20181222_005-2-201x300.jpg 201w, http:\/\/www.summerlou.li\/wp-content\/uploads\/2019\/06\/Vaterland_20181222_005-2-768x1147.jpg 768w, http:\/\/www.summerlou.li\/wp-content\/uploads\/2019\/06\/Vaterland_20181222_005-2-686x1024.jpg 686w, http:\/\/www.summerlou.li\/wp-content\/uploads\/2019\/06\/Vaterland_20181222_005-2.jpg 1969w\" sizes=\"auto, (max-width: 475px) 100vw, 475px\" \/><\/a><span style=\"color: #800080;\">Bericht \u00fcber uns drei Rett-M\u00e4dchen<\/span><\/p>\n<p><a href=\"https:\/\/www.vaterland.li\/liechtenstein\/vermischtes\/drei-rett-maedchen-teilen-ihr-schicksal;art171,364004\">www.vaterland.li<\/a><\/p>\n<p>&nbsp;<\/p>\n<p><a href=\"http:\/\/www.summerlou.li\/wp-content\/uploads\/2019\/06\/IMG_4446-1.jpeg\"><img loading=\"lazy\" decoding=\"async\" class=\"alignnone wp-image-893\" src=\"http:\/\/www.summerlou.li\/wp-content\/uploads\/2019\/06\/IMG_4446-1-225x300.jpeg\" alt=\"\" width=\"475\" height=\"634\" srcset=\"http:\/\/www.summerlou.li\/wp-content\/uploads\/2019\/06\/IMG_4446-1-225x300.jpeg 225w, http:\/\/www.summerlou.li\/wp-content\/uploads\/2019\/06\/IMG_4446-1-768x1024.jpeg 768w, http:\/\/www.summerlou.li\/wp-content\/uploads\/2019\/06\/IMG_4446-1.jpeg 1984w\" sizes=\"auto, (max-width: 475px) 100vw, 475px\" \/><\/a><\/p>\n<p><span style=\"color: #800080;\">Fasnacht 2019<\/span><\/p>\n<p>&nbsp;<\/p>\n<p><a href=\"http:\/\/www.summerlou.li\/wp-content\/uploads\/2019\/06\/SweetSunshine-25-2.jpg\"><img loading=\"lazy\" decoding=\"async\" class=\"alignnone wp-image-882\" src=\"http:\/\/www.summerlou.li\/wp-content\/uploads\/2019\/06\/SweetSunshine-25-2-292x300.jpg\" alt=\"\" width=\"475\" height=\"488\" srcset=\"http:\/\/www.summerlou.li\/wp-content\/uploads\/2019\/06\/SweetSunshine-25-2-292x300.jpg 292w, http:\/\/www.summerlou.li\/wp-content\/uploads\/2019\/06\/SweetSunshine-25-2-768x788.jpg 768w, http:\/\/www.summerlou.li\/wp-content\/uploads\/2019\/06\/SweetSunshine-25-2-998x1024.jpg 998w\" sizes=\"auto, (max-width: 475px) 100vw, 475px\" \/><\/a><\/p>\n<p><span style=\"color: #800080;\">Meine 1. hl. Kommunion<\/span><\/p>\n<p>&nbsp;<\/p>\n<p><a href=\"http:\/\/www.summerlou.li\/wp-content\/uploads\/2019\/11\/IMG_2418-1.jpeg\"><img loading=\"lazy\" decoding=\"async\" class=\"alignnone wp-image-1004\" src=\"http:\/\/www.summerlou.li\/wp-content\/uploads\/2019\/11\/IMG_2418-1-225x300.jpeg\" alt=\"\" width=\"681\" height=\"908\" srcset=\"http:\/\/www.summerlou.li\/wp-content\/uploads\/2019\/11\/IMG_2418-1-225x300.jpeg 225w, http:\/\/www.summerlou.li\/wp-content\/uploads\/2019\/11\/IMG_2418-1-768x1025.jpeg 768w, http:\/\/www.summerlou.li\/wp-content\/uploads\/2019\/11\/IMG_2418-1-767x1024.jpeg 767w\" sizes=\"auto, (max-width: 681px) 100vw, 681px\" \/><\/a><\/p>\n<p><span style=\"color: #800080;\">Special Olympics Wassertag 2019 &#8211; ich war wieder dabei!<\/span><\/p>\n<p>&nbsp;<\/p>\n<p><a href=\"http:\/\/www.summerlou.li\/wp-content\/uploads\/2020\/06\/Fasnacht.2020IMG_3257.jpg\"><img loading=\"lazy\" decoding=\"async\" class=\"alignnone wp-image-1032\" src=\"http:\/\/www.summerlou.li\/wp-content\/uploads\/2020\/06\/Fasnacht.2020IMG_3257-225x300.jpg\" alt=\"\" width=\"494\" height=\"659\" srcset=\"http:\/\/www.summerlou.li\/wp-content\/uploads\/2020\/06\/Fasnacht.2020IMG_3257-225x300.jpg 225w, http:\/\/www.summerlou.li\/wp-content\/uploads\/2020\/06\/Fasnacht.2020IMG_3257.jpg 480w\" sizes=\"auto, (max-width: 494px) 100vw, 494px\" \/><\/a><\/p>\n<p><span style=\"color: #800080;\">Fasnacht Malbun 2020<\/span><\/p>\n<p>&nbsp;<\/p>\n<p><a href=\"http:\/\/www.summerlou.li\/wp-content\/uploads\/2020\/06\/IMG_3478-1-e1592816196928.jpg\"><img loading=\"lazy\" decoding=\"async\" class=\"alignnone wp-image-1036\" src=\"http:\/\/www.summerlou.li\/wp-content\/uploads\/2020\/06\/IMG_3478-1-e1592816196928-225x300.jpg\" alt=\"\" width=\"531\" height=\"708\" srcset=\"http:\/\/www.summerlou.li\/wp-content\/uploads\/2020\/06\/IMG_3478-1-e1592816196928-225x300.jpg 225w, http:\/\/www.summerlou.li\/wp-content\/uploads\/2020\/06\/IMG_3478-1-e1592816196928.jpg 480w\" sizes=\"auto, (max-width: 531px) 100vw, 531px\" \/><\/a><\/p>\n<p><span style=\"color: #800080;\">Ein kleiner Schritt f\u00fcr viele &#8211; ein grosser Schritt f\u00fcr MICH!<\/span><\/p>\n<p>&nbsp;<\/p>\n<p><a href=\"http:\/\/www.summerlou.li\/wp-content\/uploads\/2020\/09\/IMG_5009-e1599209667177.jpg\"><img loading=\"lazy\" decoding=\"async\" class=\"alignnone wp-image-1068\" src=\"http:\/\/www.summerlou.li\/wp-content\/uploads\/2020\/09\/IMG_5009-e1599209667177-225x300.jpg\" alt=\"\" width=\"560\" height=\"747\" srcset=\"http:\/\/www.summerlou.li\/wp-content\/uploads\/2020\/09\/IMG_5009-e1599209667177-225x300.jpg 225w, http:\/\/www.summerlou.li\/wp-content\/uploads\/2020\/09\/IMG_5009-e1599209667177.jpg 480w\" sizes=\"auto, (max-width: 560px) 100vw, 560px\" \/><\/a><\/p>\n<p><span style=\"color: #800080;\">Gapfahl \u00a0&#8211; mein erstes Gipfelkreuz mit meiner Familie<\/span><\/p>\n<p><a href=\"http:\/\/www.summerlou.li\/wp-content\/uploads\/2022\/09\/IMG_2929.jpeg\"><img loading=\"lazy\" decoding=\"async\" class=\"alignnone  wp-image-1156\" src=\"http:\/\/www.summerlou.li\/wp-content\/uploads\/2022\/09\/IMG_2929-225x300.jpeg\" alt=\"\" width=\"469\" height=\"625\" srcset=\"http:\/\/www.summerlou.li\/wp-content\/uploads\/2022\/09\/IMG_2929-225x300.jpeg 225w, http:\/\/www.summerlou.li\/wp-content\/uploads\/2022\/09\/IMG_2929-768x1024.jpeg 768w, http:\/\/www.summerlou.li\/wp-content\/uploads\/2022\/09\/IMG_2929-1152x1536.jpeg 1152w, http:\/\/www.summerlou.li\/wp-content\/uploads\/2022\/09\/IMG_2929-1536x2048.jpeg 1536w, http:\/\/www.summerlou.li\/wp-content\/uploads\/2022\/09\/IMG_2929.jpeg 1600w\" sizes=\"auto, (max-width: 469px) 100vw, 469px\" \/><\/a><\/p>\n<p><span style=\"color: #800080;\">Fasnacht 2021<\/span><\/p>\n<p><a href=\"http:\/\/www.summerlou.li\/wp-content\/uploads\/2022\/09\/IMG_5568.jpeg\"><img loading=\"lazy\" decoding=\"async\" class=\"alignnone wp-image-1153\" src=\"http:\/\/www.summerlou.li\/wp-content\/uploads\/2022\/09\/IMG_5568-225x300.jpeg\" alt=\"\" width=\"470\" height=\"627\" srcset=\"http:\/\/www.summerlou.li\/wp-content\/uploads\/2022\/09\/IMG_5568-225x300.jpeg 225w, http:\/\/www.summerlou.li\/wp-content\/uploads\/2022\/09\/IMG_5568-768x1024.jpeg 768w, http:\/\/www.summerlou.li\/wp-content\/uploads\/2022\/09\/IMG_5568-1153x1536.jpeg 1153w, http:\/\/www.summerlou.li\/wp-content\/uploads\/2022\/09\/IMG_5568-1537x2048.jpeg 1537w, http:\/\/www.summerlou.li\/wp-content\/uploads\/2022\/09\/IMG_5568.jpeg 1638w\" sizes=\"auto, (max-width: 470px) 100vw, 470px\" \/><\/a><\/p>\n<p><span style=\"color: #800080;\">Hl. Firmung &#8211; mein Firmg\u00f6tte und ich<\/span><\/p>\n","protected":false},"excerpt":{"rendered":"<p>&nbsp; SRF bi de L\u00fct &#8211; Nik Hartmann &amp; ich &nbsp; Special Olympics Wassertag 2018\u00a0 B\u00fcxi &amp; ich Zeitungsartikel \u00fcber meine Geschichte www.vaterland.li Bericht \u00fcber uns drei Rett-M\u00e4dchen www.vaterland.li &nbsp; Fasnacht 2019 &nbsp; Meine 1. hl. Kommunion &nbsp; Special Olympics Wassertag 2019 &#8211; ich war wieder dabei! &nbsp; Fasnacht Malbun 2020 &nbsp; Ein kleiner Schritt &hellip; <a href=\"http:\/\/www.summerlou.li\/?page_id=562\" class=\"more-link\"><span class=\"screen-reader-text\">Specials<\/span> weiterlesen <span class=\"meta-nav\">&rarr;<\/span><\/a><\/p>\n","protected":false},"author":2,"featured_media":0,"parent":0,"menu_order":0,"comment_status":"closed","ping_status":"closed","template":"","meta":{"footnotes":""},"class_list":["post-562","page","type-page","status-publish","hentry"],"_links":{"self":[{"href":"http:\/\/www.summerlou.li\/index.php?rest_route=\/wp\/v2\/pages\/562","targetHints":{"allow":["GET"]}}],"collection":[{"href":"http:\/\/www.summerlou.li\/index.php?rest_route=\/wp\/v2\/pages"}],"about":[{"href":"http:\/\/www.summerlou.li\/index.php?rest_route=\/wp\/v2\/types\/page"}],"author":[{"embeddable":true,"href":"http:\/\/www.summerlou.li\/index.php?rest_route=\/wp\/v2\/users\/2"}],"replies":[{"embeddable":true,"href":"http:\/\/www.summerlou.li\/index.php?rest_route=%2Fwp%2Fv2%2Fcomments&post=562"}],"version-history":[{"count":36,"href":"http:\/\/www.summerlou.li\/index.php?rest_route=\/wp\/v2\/pages\/562\/revisions"}],"predecessor-version":[{"id":1157,"href":"http:\/\/www.summerlou.li\/index.php?rest_route=\/wp\/v2\/pages\/562\/revisions\/1157"}],"wp:attachment":[{"href":"http:\/\/www.summerlou.li\/index.php?rest_route=%2Fwp%2Fv2%2Fmedia&parent=562"}],"curies":[{"name":"wp","href":"https:\/\/api.w.org\/{rel}","templated":true}]}}