{"id":89,"date":"2016-05-06T22:28:40","date_gmt":"2016-05-06T20:28:40","guid":{"rendered":"http:\/\/www.summerlou.li\/?page_id=89"},"modified":"2018-09-18T08:31:04","modified_gmt":"2018-09-18T06:31:04","slug":"wer-bin-ich","status":"publish","type":"page","link":"http:\/\/www.summerlou.li\/","title":{"rendered":"Hallo"},"content":{"rendered":"<p><span style=\"color: #800080;\">Ich heisse Summer Lou und bin am 18. Mai 2011 wie ein Wirbelwind auf die Welt gekommen. Leider muss ich euch mitteilen, dass dies meine einzige Wirbelsturmaktion in meinem Leben war.\u00a0<\/span><\/p>\n<p><span style=\"color: #800080;\">Ich kann weder laufen noch sprechen noch selbst\u00e4ndig essen. Meine H\u00e4nde kann ich nicht so steuern, wie ich gerne m\u00f6chte. Dies wird mit gr\u00f6sster Wahrscheinlichkeit auch in Zukunft so bleiben, ausser eine F\u00f6rdermassnahme erzielt in dieser Hinsicht einen gewissen Erfolg. Ich bekomme aber alles mit, was um mich herum passiert und verstehe, was man mir sagt. Ich brauche einfach ein wenig l\u00e4nger, um auf meine Weise zu reagieren.<\/span><\/p>\n<p><strong><span style=\"color: #800080;\"> Mit meinen Augen erz\u00e4hle ich, wie es mir geht.<\/span><\/strong><\/p>\n<p><span style=\"color: #800080;\">Ich bin eine K\u00e4mpferin, ein fr\u00f6hliches aufgestelltes M\u00e4dchen &#8211; halt ein Sonnenschein. Mit meinem Lachen \u00fcberstrahle ich unsere Sorgen und \u00c4ngste, die dieser Gendefekt mit sich bringt. Denn das Rett-Syndrom ist unberechenbar \u2013 wir wissen nicht, was noch alles auf mich und meine Familie zukommt. Ich werde mein ganzes Leben lang auf menschliche Hilfe angewiesen sein.<\/span><\/p>\n<p><span style=\"color: #800080;\">Stetige F\u00f6rderung und zielgerechte Therapien sind sehr wichtige Bestandteile f\u00fcr meine Entwicklung. Meine Fortschritte sind klein, aber oho!<\/span><\/p>\n<p><span style=\"color: #800080;\"><strong>Aufgeben ist keine Option, wir haben noch so Vieles vor\u2026<\/strong><\/span><\/p>\n<p><span style=\"color: #800080;\">Dankesch\u00f6\u00f6\u00f6n f\u00fcr deine Zeit!<\/span><\/p>\n<p><span style=\"color: #800080;\">Eure Summer Lou<\/span><\/p>\n","protected":false},"excerpt":{"rendered":"<p>Ich heisse Summer Lou und bin am 18. Mai 2011 wie ein Wirbelwind auf die Welt gekommen. Leider muss ich euch mitteilen, dass dies meine einzige Wirbelsturmaktion in meinem Leben war.\u00a0 Ich kann weder laufen noch sprechen noch selbst\u00e4ndig essen. Meine H\u00e4nde kann ich nicht so steuern, wie ich gerne m\u00f6chte. Dies wird mit gr\u00f6sster &hellip; <a href=\"http:\/\/www.summerlou.li\/\" class=\"more-link\"><span class=\"screen-reader-text\">Hallo<\/span> weiterlesen <span class=\"meta-nav\">&rarr;<\/span><\/a><\/p>\n","protected":false},"author":1,"featured_media":0,"parent":0,"menu_order":0,"comment_status":"closed","ping_status":"closed","template":"","meta":{"footnotes":""},"class_list":["post-89","page","type-page","status-publish","hentry"],"_links":{"self":[{"href":"http:\/\/www.summerlou.li\/index.php?rest_route=\/wp\/v2\/pages\/89","targetHints":{"allow":["GET"]}}],"collection":[{"href":"http:\/\/www.summerlou.li\/index.php?rest_route=\/wp\/v2\/pages"}],"about":[{"href":"http:\/\/www.summerlou.li\/index.php?rest_route=\/wp\/v2\/types\/page"}],"author":[{"embeddable":true,"href":"http:\/\/www.summerlou.li\/index.php?rest_route=\/wp\/v2\/users\/1"}],"replies":[{"embeddable":true,"href":"http:\/\/www.summerlou.li\/index.php?rest_route=%2Fwp%2Fv2%2Fcomments&post=89"}],"version-history":[{"count":13,"href":"http:\/\/www.summerlou.li\/index.php?rest_route=\/wp\/v2\/pages\/89\/revisions"}],"predecessor-version":[{"id":295,"href":"http:\/\/www.summerlou.li\/index.php?rest_route=\/wp\/v2\/pages\/89\/revisions\/295"}],"wp:attachment":[{"href":"http:\/\/www.summerlou.li\/index.php?rest_route=%2Fwp%2Fv2%2Fmedia&parent=89"}],"curies":[{"name":"wp","href":"https:\/\/api.w.org\/{rel}","templated":true}]}}